{"id":36,"date":"2022-03-31T11:03:33","date_gmt":"2022-03-31T08:03:33","guid":{"rendered":"https:\/\/dustengercege.com\/?page_id=36"},"modified":"2022-04-13T11:51:33","modified_gmt":"2022-04-13T08:51:33","slug":"hakkimizda","status":"publish","type":"page","link":"https:\/\/dustengercege.com\/index.php\/hakkimizda\/","title":{"rendered":"HAKKIMIZDA"},"content":{"rendered":"\n<div class=\"wp-block-image\"><figure class=\"alignleft size-full\"><img loading=\"lazy\" decoding=\"async\" width=\"93\" height=\"93\" src=\"http:\/\/dustengercege.com\/wp-content\/uploads\/2022\/03\/cropped-logo.png\" alt=\"\" class=\"wp-image-23\"\/><\/figure><\/div>\n\n\n\n<p><strong>Geleneksel Uluslararas\u0131 D\u00dc\u015eTEN GER\u00c7E\u011eE TASARIM YARI\u015eMALARI<\/strong><\/p>\n\n\n\n<p><\/p>\n\n\n\n<p>Fark\u0131ndal\u0131k olu\u015fturmak ad\u0131na, \u201c<strong>D\u00fc\u015ften Ger\u00e7e\u011fe<\/strong>\u201d slogan\u0131yla sekt\u00f6rde \u00f6nc\u00fc olman\u0131n bilinci ve end\u00fcstriyel tasar\u0131mc\u0131lar\u0131n sekt\u00f6re ilgilerini art\u0131rmak i\u00e7in, 2014 y\u0131l\u0131ndan bu yana \u201c<strong>Uluslararas\u0131 D\u00fc\u015ften Ger\u00e7e\u011fe Tasar\u0131m Yar\u0131\u015fmas\u0131<\/strong>&#8216;lar\u0131n\u0131 d\u00fczenliyoruz.<\/p>\n\n\n\n<p> Amac\u0131m\u0131z; kent ya\u015fam\u0131n\u0131n getirdi\u011fi al\u0131\u015fkanl\u0131klar\u0131 de\u011fi\u015ftirerek, yo\u011fun kent ortam\u0131nda \u00e7ocuklara nefes ald\u0131rabilen, sosyal hayat\u0131 canland\u0131racak tasar\u0131mlar\u0131, yenilik\u00e7i ve yarat\u0131c\u0131 fikirleri desteklemektir.<\/p>\n\n\n\n<p><\/p>\n","protected":false},"excerpt":{"rendered":"<p>Geleneksel Uluslararas\u0131 D\u00dc\u015eTEN GER\u00c7E\u011eE TASARIM YARI\u015eMALARI Fark\u0131ndal\u0131k olu\u015fturmak ad\u0131na, \u201cD\u00fc\u015ften Ger\u00e7e\u011fe\u201d slogan\u0131yla sekt\u00f6rde \u00f6nc\u00fc olman\u0131n bilinci ve end\u00fcstriyel tasar\u0131mc\u0131lar\u0131n sekt\u00f6re&hellip;<\/p>\n","protected":false},"author":1,"featured_media":0,"parent":0,"menu_order":0,"comment_status":"closed","ping_status":"closed","template":"","meta":{"_vp_format_video_url":"","_vp_image_focal_point":[],"footnotes":""},"class_list":["post-36","page","type-page","status-publish","hentry"],"_links":{"self":[{"href":"https:\/\/dustengercege.com\/index.php\/wp-json\/wp\/v2\/pages\/36","targetHints":{"allow":["GET"]}}],"collection":[{"href":"https:\/\/dustengercege.com\/index.php\/wp-json\/wp\/v2\/pages"}],"about":[{"href":"https:\/\/dustengercege.com\/index.php\/wp-json\/wp\/v2\/types\/page"}],"author":[{"embeddable":true,"href":"https:\/\/dustengercege.com\/index.php\/wp-json\/wp\/v2\/users\/1"}],"replies":[{"embeddable":true,"href":"https:\/\/dustengercege.com\/index.php\/wp-json\/wp\/v2\/comments?post=36"}],"version-history":[{"count":5,"href":"https:\/\/dustengercege.com\/index.php\/wp-json\/wp\/v2\/pages\/36\/revisions"}],"predecessor-version":[{"id":609,"href":"https:\/\/dustengercege.com\/index.php\/wp-json\/wp\/v2\/pages\/36\/revisions\/609"}],"wp:attachment":[{"href":"https:\/\/dustengercege.com\/index.php\/wp-json\/wp\/v2\/media?parent=36"}],"curies":[{"name":"wp","href":"https:\/\/api.w.org\/{rel}","templated":true}]}}